{"id":37,"date":"2020-06-01T15:32:02","date_gmt":"2020-06-01T13:32:02","guid":{"rendered":"https:\/\/preprod.bablut.fr\/?page_id=37"},"modified":"2021-06-09T22:07:11","modified_gmt":"2021-06-09T20:07:11","slug":"actualites","status":"publish","type":"page","link":"https:\/\/bablut.fr\/en\/actualites\/","title":{"rendered":"Actualit\u00e9s"},"content":{"rendered":"<div data-elementor-type=\"wp-page\" data-elementor-id=\"37\" class=\"elementor elementor-37\" data-elementor-post-type=\"page\">\n\t\t\t\t\t\t<section data-particle_enable=\"false\" data-particle-mobile-disabled=\"false\" class=\"elementor-section elementor-top-section elementor-element elementor-element-3d1f89a elementor-section-boxed elementor-section-height-default elementor-section-height-default\" data-id=\"3d1f89a\" data-element_type=\"section\">\n\t\t\t\t\t\t<div class=\"elementor-container elementor-column-gap-default\">\n\t\t\t\t\t<div class=\"elementor-column elementor-col-100 elementor-top-column elementor-element elementor-element-0f8fd6d\" data-id=\"0f8fd6d\" data-element_type=\"column\">\n\t\t\t<div class=\"elementor-widget-wrap elementor-element-populated\">\n\t\t\t\t\t\t\t<\/div>\n\t\t<\/div>\n\t\t\t\t\t<\/div>\n\t\t<\/section>\n\t\t\t\t<section data-particle_enable=\"false\" data-particle-mobile-disabled=\"false\" class=\"elementor-section elementor-top-section elementor-element elementor-element-a423b1f elementor-section-boxed elementor-section-height-default elementor-section-height-default\" data-id=\"a423b1f\" data-element_type=\"section\">\n\t\t\t\t\t\t<div class=\"elementor-container elementor-column-gap-default\">\n\t\t\t\t\t<div class=\"elementor-column elementor-col-100 elementor-top-column elementor-element elementor-element-d52b634\" data-id=\"d52b634\" data-element_type=\"column\">\n\t\t\t<div class=\"elementor-widget-wrap elementor-element-populated\">\n\t\t\t\t\t\t<div class=\"elementor-element elementor-element-b78658b elementor-grid-1 elementor-grid-tablet-2 elementor-grid-mobile-1 elementor-posts--thumbnail-top elementor-widget elementor-widget-posts\" data-id=\"b78658b\" data-element_type=\"widget\" data-settings=\"{&quot;classic_columns&quot;:&quot;1&quot;,&quot;pagination_type&quot;:&quot;numbers_and_prev_next&quot;,&quot;classic_columns_tablet&quot;:&quot;2&quot;,&quot;classic_columns_mobile&quot;:&quot;1&quot;,&quot;classic_row_gap&quot;:{&quot;unit&quot;:&quot;px&quot;,&quot;size&quot;:35,&quot;sizes&quot;:[]},&quot;classic_row_gap_tablet&quot;:{&quot;unit&quot;:&quot;px&quot;,&quot;size&quot;:&quot;&quot;,&quot;sizes&quot;:[]},&quot;classic_row_gap_mobile&quot;:{&quot;unit&quot;:&quot;px&quot;,&quot;size&quot;:&quot;&quot;,&quot;sizes&quot;:[]}}\" data-widget_type=\"posts.classic\">\n\t\t\t\t<div class=\"elementor-widget-container\">\n\t\t\t\t\t\t\t<div class=\"elementor-posts-container elementor-posts elementor-posts--skin-classic elementor-grid\">\n\t\t\t\t<article class=\"elementor-post elementor-grid-item post-525 post type-post status-publish format-standard has-post-thumbnail hentry category-actualites entry has-media owp-thumbs-layout-horizontal owp-btn-normal owp-tabs-layout-horizontal has-no-thumbnails has-product-nav\">\n\t\t\t\t<a class=\"elementor-post__thumbnail__link\" href=\"https:\/\/bablut.fr\/en\/les-beaux-jours\/\" tabindex=\"-1\" >\n\t\t\t<div class=\"elementor-post__thumbnail\"><img fetchpriority=\"high\" decoding=\"async\" width=\"768\" height=\"512\" src=\"https:\/\/bablut.fr\/wp-content\/uploads\/2020\/07\/travail-sol-2019-768x512.jpg\" class=\"attachment-medium_large size-medium_large wp-image-414\" alt=\"\" srcset=\"https:\/\/bablut.fr\/wp-content\/uploads\/2020\/07\/travail-sol-2019-768x512.jpg 768w, https:\/\/bablut.fr\/wp-content\/uploads\/2020\/07\/travail-sol-2019-300x200.jpg 300w, https:\/\/bablut.fr\/wp-content\/uploads\/2020\/07\/travail-sol-2019-1024x683.jpg 1024w, https:\/\/bablut.fr\/wp-content\/uploads\/2020\/07\/travail-sol-2019-1536x1024.jpg 1536w, https:\/\/bablut.fr\/wp-content\/uploads\/2020\/07\/travail-sol-2019-2048x1365.jpg 2048w\" sizes=\"(max-width: 768px) 100vw, 768px\" \/><\/div>\n\t\t<\/a>\n\t\t\t\t<div class=\"elementor-post__text\">\n\t\t\t\t<h3 class=\"elementor-post__title\">\n\t\t\t<a href=\"https:\/\/bablut.fr\/en\/les-beaux-jours\/\" >\n\t\t\t\tLes \u00ab\u00a0beaux jours\u00a0\u00bb !\t\t\t<\/a>\n\t\t<\/h3>\n\t\t\t\t<div class=\"elementor-post__meta-data\">\n\t\t\t\t\t<span class=\"elementor-post-date\">\n\t\t\t30 March 2019\t\t<\/span>\n\t\t\t\t<\/div>\n\t\t\t\t<div class=\"elementor-post__excerpt\">\n\t\t\t<p>Le printemps est l\u00e0, avec des temp\u00e9ratures fra\u00eeches le matin, plus douces l&rsquo;apr\u00e8s-midi, le soleil qui brille et le vent du Nord-Est un tantinet pin\u00e7ant qui ass\u00e8che l&rsquo;atmosph\u00e8re. Nous en profitons pour travailler les sols !<\/p>\n\t\t<\/div>\n\t\t\n\t\t<a class=\"elementor-post__read-more\" href=\"https:\/\/bablut.fr\/en\/les-beaux-jours\/\" aria-label=\"Read more about Les \u00ab\u00a0beaux jours\u00a0\u00bb !\" tabindex=\"-1\" >\n\t\t\tVoir plus \u00bb\t\t<\/a>\n\n\t\t\t\t<\/div>\n\t\t\t\t<\/article>\n\t\t\t\t<article class=\"elementor-post elementor-grid-item post-523 post type-post status-publish format-standard has-post-thumbnail hentry category-actualites entry has-media owp-thumbs-layout-horizontal owp-btn-normal owp-tabs-layout-horizontal has-no-thumbnails has-product-nav\">\n\t\t\t\t<a class=\"elementor-post__thumbnail__link\" href=\"https:\/\/bablut.fr\/en\/des-nouvelles-de-bablut-ou-plutot-de-ses-vins\/\" tabindex=\"-1\" >\n\t\t\t<div class=\"elementor-post__thumbnail\"><img decoding=\"async\" width=\"700\" height=\"193\" src=\"https:\/\/bablut.fr\/wp-content\/uploads\/2020\/07\/bandeau-bidon-a-ouiller.png\" class=\"attachment-medium_large size-medium_large wp-image-411\" alt=\"\" srcset=\"https:\/\/bablut.fr\/wp-content\/uploads\/2020\/07\/bandeau-bidon-a-ouiller.png 700w, https:\/\/bablut.fr\/wp-content\/uploads\/2020\/07\/bandeau-bidon-a-ouiller-300x83.png 300w\" sizes=\"(max-width: 700px) 100vw, 700px\" \/><\/div>\n\t\t<\/a>\n\t\t\t\t<div class=\"elementor-post__text\">\n\t\t\t\t<h3 class=\"elementor-post__title\">\n\t\t\t<a href=\"https:\/\/bablut.fr\/en\/des-nouvelles-de-bablut-ou-plutot-de-ses-vins\/\" >\n\t\t\t\tDes nouvelles de Bablut, ou plut\u00f4t de ses vins !\t\t\t<\/a>\n\t\t<\/h3>\n\t\t\t\t<div class=\"elementor-post__meta-data\">\n\t\t\t\t\t<span class=\"elementor-post-date\">\n\t\t\t21 December 2018\t\t<\/span>\n\t\t\t\t<\/div>\n\t\t\t\t<div class=\"elementor-post__excerpt\">\n\t\t\t<p>Les vins du mill\u00e9sime 2018, tout jeune b\u00e9b\u00e9, nous autorisent l&rsquo;espoir d&rsquo;avoir de belles r\u00e9ussites.<\/p>\n\t\t<\/div>\n\t\t\n\t\t<a class=\"elementor-post__read-more\" href=\"https:\/\/bablut.fr\/en\/des-nouvelles-de-bablut-ou-plutot-de-ses-vins\/\" aria-label=\"Read more about Des nouvelles de Bablut, ou plut\u00f4t de ses vins !\" tabindex=\"-1\" >\n\t\t\tVoir plus \u00bb\t\t<\/a>\n\n\t\t\t\t<\/div>\n\t\t\t\t<\/article>\n\t\t\t\t<article class=\"elementor-post elementor-grid-item post-521 post type-post status-publish format-standard has-post-thumbnail hentry category-actualites entry has-media owp-thumbs-layout-horizontal owp-btn-normal owp-tabs-layout-horizontal has-no-thumbnails has-product-nav\">\n\t\t\t\t<a class=\"elementor-post__thumbnail__link\" href=\"https:\/\/bablut.fr\/en\/comme-on-voit-sur-la-branche-au-mois-de-may-la-rose\/\" tabindex=\"-1\" >\n\t\t\t<div class=\"elementor-post__thumbnail\"><img decoding=\"async\" width=\"700\" height=\"466\" src=\"https:\/\/bablut.fr\/wp-content\/uploads\/2020\/07\/vignes-desherbees.jpg\" class=\"attachment-medium_large size-medium_large wp-image-421\" alt=\"\" srcset=\"https:\/\/bablut.fr\/wp-content\/uploads\/2020\/07\/vignes-desherbees.jpg 700w, https:\/\/bablut.fr\/wp-content\/uploads\/2020\/07\/vignes-desherbees-300x200.jpg 300w\" sizes=\"(max-width: 700px) 100vw, 700px\" \/><\/div>\n\t\t<\/a>\n\t\t\t\t<div class=\"elementor-post__text\">\n\t\t\t\t<h3 class=\"elementor-post__title\">\n\t\t\t<a href=\"https:\/\/bablut.fr\/en\/comme-on-voit-sur-la-branche-au-mois-de-may-la-rose\/\" >\n\t\t\t\tComme on voit sur la branche au mois de may la rose,\t\t\t<\/a>\n\t\t<\/h3>\n\t\t\t\t<div class=\"elementor-post__meta-data\">\n\t\t\t\t\t<span class=\"elementor-post-date\">\n\t\t\t23 May 2018\t\t<\/span>\n\t\t\t\t<\/div>\n\t\t\t\t<div class=\"elementor-post__excerpt\">\n\t\t\t<p>On voit au mois d&rsquo;avril, la flore empoisonn\u00e9e. <\/p>\n\t\t<\/div>\n\t\t\n\t\t<a class=\"elementor-post__read-more\" href=\"https:\/\/bablut.fr\/en\/comme-on-voit-sur-la-branche-au-mois-de-may-la-rose\/\" aria-label=\"Read more about Comme on voit sur la branche au mois de may la rose,\" tabindex=\"-1\" >\n\t\t\tVoir plus \u00bb\t\t<\/a>\n\n\t\t\t\t<\/div>\n\t\t\t\t<\/article>\n\t\t\t\t<article class=\"elementor-post elementor-grid-item post-519 post type-post status-publish format-standard has-post-thumbnail hentry category-actualites entry has-media owp-thumbs-layout-horizontal owp-btn-normal owp-tabs-layout-horizontal has-no-thumbnails has-product-nav\">\n\t\t\t\t<a class=\"elementor-post__thumbnail__link\" href=\"https:\/\/bablut.fr\/en\/les-vendanges-sont-finies-depuis-le-11-octobre\/\" tabindex=\"-1\" >\n\t\t\t<div class=\"elementor-post__thumbnail\"><img loading=\"lazy\" decoding=\"async\" width=\"700\" height=\"354\" src=\"https:\/\/bablut.fr\/wp-content\/uploads\/2020\/07\/vendanges-2017.jpg\" class=\"attachment-medium_large size-medium_large wp-image-420\" alt=\"\" srcset=\"https:\/\/bablut.fr\/wp-content\/uploads\/2020\/07\/vendanges-2017.jpg 700w, https:\/\/bablut.fr\/wp-content\/uploads\/2020\/07\/vendanges-2017-300x152.jpg 300w\" sizes=\"(max-width: 700px) 100vw, 700px\" \/><\/div>\n\t\t<\/a>\n\t\t\t\t<div class=\"elementor-post__text\">\n\t\t\t\t<h3 class=\"elementor-post__title\">\n\t\t\t<a href=\"https:\/\/bablut.fr\/en\/les-vendanges-sont-finies-depuis-le-11-octobre\/\" >\n\t\t\t\tLes vendanges sont finies depuis le 11 octobre\t\t\t<\/a>\n\t\t<\/h3>\n\t\t\t\t<div class=\"elementor-post__meta-data\">\n\t\t\t\t\t<span class=\"elementor-post-date\">\n\t\t\t4 November 2017\t\t<\/span>\n\t\t\t\t<\/div>\n\t\t\t\t<div class=\"elementor-post__excerpt\">\n\t\t\t<p>Nous avons termin\u00e9, non pas par les liquoreux, comme ce serait plut\u00f4t l&rsquo;habitude mais par les cabernets francs sur les calcaires. L&rsquo;ann\u00e9e a \u00e9t\u00e9 pr\u00e9coce depuis le printemps.<\/p>\n\t\t<\/div>\n\t\t\n\t\t<a class=\"elementor-post__read-more\" href=\"https:\/\/bablut.fr\/en\/les-vendanges-sont-finies-depuis-le-11-octobre\/\" aria-label=\"Read more about Les vendanges sont finies depuis le 11 octobre\" tabindex=\"-1\" >\n\t\t\tVoir plus \u00bb\t\t<\/a>\n\n\t\t\t\t<\/div>\n\t\t\t\t<\/article>\n\t\t\t\t<article class=\"elementor-post elementor-grid-item post-517 post type-post status-publish format-standard has-post-thumbnail hentry category-actualites entry has-media owp-thumbs-layout-horizontal owp-btn-normal owp-tabs-layout-horizontal has-no-thumbnails has-product-nav\">\n\t\t\t\t<a class=\"elementor-post__thumbnail__link\" href=\"https:\/\/bablut.fr\/en\/quelques-nouvelles\/\" tabindex=\"-1\" >\n\t\t\t<div class=\"elementor-post__thumbnail\"><img loading=\"lazy\" decoding=\"async\" width=\"700\" height=\"168\" src=\"https:\/\/bablut.fr\/wp-content\/uploads\/2020\/07\/compo-newletter-juin-2017.jpg\" class=\"attachment-medium_large size-medium_large wp-image-412\" alt=\"\" srcset=\"https:\/\/bablut.fr\/wp-content\/uploads\/2020\/07\/compo-newletter-juin-2017.jpg 700w, https:\/\/bablut.fr\/wp-content\/uploads\/2020\/07\/compo-newletter-juin-2017-300x72.jpg 300w\" sizes=\"(max-width: 700px) 100vw, 700px\" \/><\/div>\n\t\t<\/a>\n\t\t\t\t<div class=\"elementor-post__text\">\n\t\t\t\t<h3 class=\"elementor-post__title\">\n\t\t\t<a href=\"https:\/\/bablut.fr\/en\/quelques-nouvelles\/\" >\n\t\t\t\tQuelques nouvelles&#8230;\t\t\t<\/a>\n\t\t<\/h3>\n\t\t\t\t<div class=\"elementor-post__meta-data\">\n\t\t\t\t\t<span class=\"elementor-post-date\">\n\t\t\t28 June 2017\t\t<\/span>\n\t\t\t\t<\/div>\n\t\t\t\t<div class=\"elementor-post__excerpt\">\n\t\t\t<p>L&rsquo;hiver dernier a \u00e9t\u00e9 sec avec des p\u00e9riodes froides. Au printemps, le d\u00e9bourrement pr\u00e9coce des bourgeons nous augure des vendanges d\u00e9but septembre pour les c\u00e9pages h\u00e2tifs.<\/p>\n\t\t<\/div>\n\t\t\n\t\t<a class=\"elementor-post__read-more\" href=\"https:\/\/bablut.fr\/en\/quelques-nouvelles\/\" aria-label=\"Read more about Quelques nouvelles&#8230;\" tabindex=\"-1\" >\n\t\t\tVoir plus \u00bb\t\t<\/a>\n\n\t\t\t\t<\/div>\n\t\t\t\t<\/article>\n\t\t\t\t<article class=\"elementor-post elementor-grid-item post-423 post type-post status-publish format-standard has-post-thumbnail hentry category-actualites entry has-media owp-thumbs-layout-horizontal owp-btn-normal owp-tabs-layout-horizontal has-no-thumbnails has-product-nav\">\n\t\t\t\t<a class=\"elementor-post__thumbnail__link\" href=\"https:\/\/bablut.fr\/en\/et-les-vendanges-alors\/\" tabindex=\"-1\" >\n\t\t\t<div class=\"elementor-post__thumbnail\"><img loading=\"lazy\" decoding=\"async\" width=\"567\" height=\"425\" src=\"https:\/\/bablut.fr\/wp-content\/uploads\/2020\/07\/paysage1.png\" class=\"attachment-medium_large size-medium_large wp-image-419\" alt=\"\" srcset=\"https:\/\/bablut.fr\/wp-content\/uploads\/2020\/07\/paysage1.png 567w, https:\/\/bablut.fr\/wp-content\/uploads\/2020\/07\/paysage1-300x225.png 300w\" sizes=\"(max-width: 567px) 100vw, 567px\" \/><\/div>\n\t\t<\/a>\n\t\t\t\t<div class=\"elementor-post__text\">\n\t\t\t\t<h3 class=\"elementor-post__title\">\n\t\t\t<a href=\"https:\/\/bablut.fr\/en\/et-les-vendanges-alors\/\" >\n\t\t\t\tEt les vendanges alors ?\t\t\t<\/a>\n\t\t<\/h3>\n\t\t\t\t<div class=\"elementor-post__meta-data\">\n\t\t\t\t\t<span class=\"elementor-post-date\">\n\t\t\t28 November 2016\t\t<\/span>\n\t\t\t\t<\/div>\n\t\t\t\t<div class=\"elementor-post__excerpt\">\n\t\t\t<p>La vigne a pris son habit d\u2019hiver\u2026<\/p>\n\t\t<\/div>\n\t\t\n\t\t<a class=\"elementor-post__read-more\" href=\"https:\/\/bablut.fr\/en\/et-les-vendanges-alors\/\" aria-label=\"Read more about Et les vendanges alors ?\" tabindex=\"-1\" >\n\t\t\tVoir plus \u00bb\t\t<\/a>\n\n\t\t\t\t<\/div>\n\t\t\t\t<\/article>\n\t\t\t\t<\/div>\n\t\t\n\t\t\t\t<div class=\"e-load-more-anchor\" data-page=\"1\" data-max-page=\"2\" data-next-page=\"https:\/\/bablut.fr\/en\/wp-json\/wp\/v2\/pages\/37\/page\/2\/\"><\/div>\n\t\t\t\t<nav class=\"elementor-pagination\" aria-label=\"Pagination\">\n\t\t\t<span class=\"page-numbers prev\">&laquo;<\/span>\n<span aria-current=\"page\" class=\"page-numbers current\"><span class=\"elementor-screen-only\">Page<\/span>1<\/span>\n<a class=\"page-numbers\" href=\"https:\/\/bablut.fr\/en\/wp-json\/wp\/v2\/pages\/37\/page\/2\/\"><span class=\"elementor-screen-only\">Page<\/span>2<\/a>\n<a class=\"page-numbers next\" href=\"https:\/\/bablut.fr\/en\/wp-json\/wp\/v2\/pages\/37\/page\/2\/\">&raquo;<\/a>\t\t<\/nav>\n\t\t\t\t\t\t<\/div>\n\t\t\t\t<\/div>\n\t\t\t\t\t<\/div>\n\t\t<\/div>\n\t\t\t\t\t<\/div>\n\t\t<\/section>\n\t\t\t\t<\/div>","protected":false},"excerpt":{"rendered":"","protected":false},"author":1,"featured_media":0,"parent":0,"menu_order":0,"comment_status":"closed","ping_status":"closed","template":"elementor_header_footer","meta":{"_acf_changed":false,"ocean_post_layout":"","ocean_both_sidebars_style":"","ocean_both_sidebars_content_width":0,"ocean_both_sidebars_sidebars_width":0,"ocean_sidebar":"0","ocean_second_sidebar":"0","ocean_disable_margins":"enable","ocean_add_body_class":"","ocean_shortcode_before_top_bar":"","ocean_shortcode_after_top_bar":"","ocean_shortcode_before_header":"","ocean_shortcode_after_header":"","ocean_has_shortcode":"","ocean_shortcode_after_title":"","ocean_shortcode_before_footer_widgets":"","ocean_shortcode_after_footer_widgets":"","ocean_shortcode_before_footer_bottom":"","ocean_shortcode_after_footer_bottom":"","ocean_display_top_bar":"off","ocean_display_header":"default","ocean_header_style":"","ocean_center_header_left_menu":"0","ocean_custom_header_template":"0","ocean_custom_logo":0,"ocean_custom_retina_logo":0,"ocean_custom_logo_max_width":0,"ocean_custom_logo_tablet_max_width":0,"ocean_custom_logo_mobile_max_width":0,"ocean_custom_logo_max_height":0,"ocean_custom_logo_tablet_max_height":0,"ocean_custom_logo_mobile_max_height":0,"ocean_header_custom_menu":"0","ocean_menu_typo_font_family":"0","ocean_menu_typo_font_subset":"","ocean_menu_typo_font_size":0,"ocean_menu_typo_font_size_tablet":0,"ocean_menu_typo_font_size_mobile":0,"ocean_menu_typo_font_size_unit":"px","ocean_menu_typo_font_weight":"","ocean_menu_typo_font_weight_tablet":"","ocean_menu_typo_font_weight_mobile":"","ocean_menu_typo_transform":"","ocean_menu_typo_transform_tablet":"","ocean_menu_typo_transform_mobile":"","ocean_menu_typo_line_height":0,"ocean_menu_typo_line_height_tablet":0,"ocean_menu_typo_line_height_mobile":0,"ocean_menu_typo_line_height_unit":"","ocean_menu_typo_spacing":0,"ocean_menu_typo_spacing_tablet":0,"ocean_menu_typo_spacing_mobile":0,"ocean_menu_typo_spacing_unit":"","ocean_menu_link_color":"","ocean_menu_link_color_hover":"","ocean_menu_link_color_active":"","ocean_menu_link_background":"","ocean_menu_link_hover_background":"","ocean_menu_link_active_background":"","ocean_menu_social_links_bg":"","ocean_menu_social_hover_links_bg":"","ocean_menu_social_links_color":"","ocean_menu_social_hover_links_color":"","ocean_disable_title":"on","ocean_disable_heading":"default","ocean_post_title":"","ocean_post_subheading":"","ocean_post_title_style":"","ocean_post_title_background_color":"","ocean_post_title_background":0,"ocean_post_title_bg_image_position":"","ocean_post_title_bg_image_attachment":"","ocean_post_title_bg_image_repeat":"","ocean_post_title_bg_image_size":"","ocean_post_title_height":0,"ocean_post_title_bg_overlay":0.5,"ocean_post_title_bg_overlay_color":"","ocean_disable_breadcrumbs":"default","ocean_breadcrumbs_color":"","ocean_breadcrumbs_separator_color":"","ocean_breadcrumbs_links_color":"","ocean_breadcrumbs_links_hover_color":"","ocean_display_footer_widgets":"off","ocean_display_footer_bottom":"off","ocean_custom_footer_template":"0","footnotes":""},"class_list":["post-37","page","type-page","status-publish","hentry","entry","has-media","owp-thumbs-layout-horizontal","owp-btn-normal","owp-tabs-layout-horizontal","has-no-thumbnails","has-product-nav"],"acf":[],"yoast_head":"<!-- This site is optimized with the Yoast SEO plugin v25.3 - https:\/\/yoast.com\/wordpress\/plugins\/seo\/ -->\n<title>Actualit\u00e9s - Domaine de Bablut<\/title>\n<meta name=\"robots\" content=\"index, follow, max-snippet:-1, max-image-preview:large, max-video-preview:-1\" \/>\n<link rel=\"canonical\" href=\"https:\/\/bablut.fr\/en\/actualites\/\" \/>\n<meta property=\"og:locale\" content=\"en_US\" \/>\n<meta property=\"og:type\" content=\"article\" \/>\n<meta property=\"og:title\" content=\"Actualit\u00e9s - Domaine de Bablut\" \/>\n<meta property=\"og:url\" content=\"https:\/\/bablut.fr\/en\/actualites\/\" \/>\n<meta property=\"og:site_name\" content=\"Domaine de Bablut\" \/>\n<meta property=\"article:modified_time\" content=\"2021-06-09T20:07:11+00:00\" \/>\n<meta name=\"twitter:card\" content=\"summary_large_image\" \/>\n<meta name=\"twitter:label1\" content=\"Est. reading time\" \/>\n\t<meta name=\"twitter:data1\" content=\"3 minutes\" \/>\n<script type=\"application\/ld+json\" class=\"yoast-schema-graph\">{\"@context\":\"https:\/\/schema.org\",\"@graph\":[{\"@type\":\"WebPage\",\"@id\":\"https:\/\/bablut.fr\/actualites\/\",\"url\":\"https:\/\/bablut.fr\/actualites\/\",\"name\":\"Actualit\u00e9s - Domaine de Bablut\",\"isPartOf\":{\"@id\":\"https:\/\/bablut.fr\/#website\"},\"datePublished\":\"2020-06-01T13:32:02+00:00\",\"dateModified\":\"2021-06-09T20:07:11+00:00\",\"breadcrumb\":{\"@id\":\"https:\/\/bablut.fr\/actualites\/#breadcrumb\"},\"inLanguage\":\"en-US\",\"potentialAction\":[{\"@type\":\"ReadAction\",\"target\":[\"https:\/\/bablut.fr\/actualites\/\"]}]},{\"@type\":\"BreadcrumbList\",\"@id\":\"https:\/\/bablut.fr\/actualites\/#breadcrumb\",\"itemListElement\":[{\"@type\":\"ListItem\",\"position\":1,\"name\":\"Home\",\"item\":\"https:\/\/bablut.fr\/\"},{\"@type\":\"ListItem\",\"position\":2,\"name\":\"Actualit\u00e9s\"}]},{\"@type\":\"WebSite\",\"@id\":\"https:\/\/bablut.fr\/#website\",\"url\":\"https:\/\/bablut.fr\/\",\"name\":\"Domaine de Bablut\",\"description\":\"Une famille de tradition viticole depuis 1546\",\"publisher\":{\"@id\":\"https:\/\/bablut.fr\/#organization\"},\"potentialAction\":[{\"@type\":\"SearchAction\",\"target\":{\"@type\":\"EntryPoint\",\"urlTemplate\":\"https:\/\/bablut.fr\/?s={search_term_string}\"},\"query-input\":{\"@type\":\"PropertyValueSpecification\",\"valueRequired\":true,\"valueName\":\"search_term_string\"}}],\"inLanguage\":\"en-US\"},{\"@type\":\"Organization\",\"@id\":\"https:\/\/bablut.fr\/#organization\",\"name\":\"Domaine de Bablut\",\"url\":\"https:\/\/bablut.fr\/\",\"logo\":{\"@type\":\"ImageObject\",\"inLanguage\":\"en-US\",\"@id\":\"https:\/\/bablut.fr\/#\/schema\/logo\/image\/\",\"url\":\"https:\/\/bablut.fr\/wp-content\/uploads\/2021\/08\/Logo.png\",\"contentUrl\":\"https:\/\/bablut.fr\/wp-content\/uploads\/2021\/08\/Logo.png\",\"width\":2560,\"height\":404,\"caption\":\"Domaine de Bablut\"},\"image\":{\"@id\":\"https:\/\/bablut.fr\/#\/schema\/logo\/image\/\"}}]}<\/script>\n<!-- \/ Yoast SEO plugin. -->","yoast_head_json":{"title":"Actualit\u00e9s - Domaine de Bablut","robots":{"index":"index","follow":"follow","max-snippet":"max-snippet:-1","max-image-preview":"max-image-preview:large","max-video-preview":"max-video-preview:-1"},"canonical":"https:\/\/bablut.fr\/en\/actualites\/","og_locale":"en_US","og_type":"article","og_title":"Actualit\u00e9s - Domaine de Bablut","og_url":"https:\/\/bablut.fr\/en\/actualites\/","og_site_name":"Domaine de Bablut","article_modified_time":"2021-06-09T20:07:11+00:00","twitter_card":"summary_large_image","twitter_misc":{"Est. reading time":"3 minutes"},"schema":{"@context":"https:\/\/schema.org","@graph":[{"@type":"WebPage","@id":"https:\/\/bablut.fr\/actualites\/","url":"https:\/\/bablut.fr\/actualites\/","name":"Actualit\u00e9s - Domaine de Bablut","isPartOf":{"@id":"https:\/\/bablut.fr\/#website"},"datePublished":"2020-06-01T13:32:02+00:00","dateModified":"2021-06-09T20:07:11+00:00","breadcrumb":{"@id":"https:\/\/bablut.fr\/actualites\/#breadcrumb"},"inLanguage":"en-US","potentialAction":[{"@type":"ReadAction","target":["https:\/\/bablut.fr\/actualites\/"]}]},{"@type":"BreadcrumbList","@id":"https:\/\/bablut.fr\/actualites\/#breadcrumb","itemListElement":[{"@type":"ListItem","position":1,"name":"Home","item":"https:\/\/bablut.fr\/"},{"@type":"ListItem","position":2,"name":"Actualit\u00e9s"}]},{"@type":"WebSite","@id":"https:\/\/bablut.fr\/#website","url":"https:\/\/bablut.fr\/","name":"Domaine de Bablut","description":"Une famille de tradition viticole depuis 1546","publisher":{"@id":"https:\/\/bablut.fr\/#organization"},"potentialAction":[{"@type":"SearchAction","target":{"@type":"EntryPoint","urlTemplate":"https:\/\/bablut.fr\/?s={search_term_string}"},"query-input":{"@type":"PropertyValueSpecification","valueRequired":true,"valueName":"search_term_string"}}],"inLanguage":"en-US"},{"@type":"Organization","@id":"https:\/\/bablut.fr\/#organization","name":"Domaine de Bablut","url":"https:\/\/bablut.fr\/","logo":{"@type":"ImageObject","inLanguage":"en-US","@id":"https:\/\/bablut.fr\/#\/schema\/logo\/image\/","url":"https:\/\/bablut.fr\/wp-content\/uploads\/2021\/08\/Logo.png","contentUrl":"https:\/\/bablut.fr\/wp-content\/uploads\/2021\/08\/Logo.png","width":2560,"height":404,"caption":"Domaine de Bablut"},"image":{"@id":"https:\/\/bablut.fr\/#\/schema\/logo\/image\/"}}]}},"_links":{"self":[{"href":"https:\/\/bablut.fr\/en\/wp-json\/wp\/v2\/pages\/37","targetHints":{"allow":["GET"]}}],"collection":[{"href":"https:\/\/bablut.fr\/en\/wp-json\/wp\/v2\/pages"}],"about":[{"href":"https:\/\/bablut.fr\/en\/wp-json\/wp\/v2\/types\/page"}],"author":[{"embeddable":true,"href":"https:\/\/bablut.fr\/en\/wp-json\/wp\/v2\/users\/1"}],"replies":[{"embeddable":true,"href":"https:\/\/bablut.fr\/en\/wp-json\/wp\/v2\/comments?post=37"}],"version-history":[{"count":32,"href":"https:\/\/bablut.fr\/en\/wp-json\/wp\/v2\/pages\/37\/revisions"}],"predecessor-version":[{"id":980,"href":"https:\/\/bablut.fr\/en\/wp-json\/wp\/v2\/pages\/37\/revisions\/980"}],"wp:attachment":[{"href":"https:\/\/bablut.fr\/en\/wp-json\/wp\/v2\/media?parent=37"}],"curies":[{"name":"wp","href":"https:\/\/api.w.org\/{rel}","templated":true}]}}