{"id":303,"date":"2020-07-06T20:37:26","date_gmt":"2020-07-06T18:37:26","guid":{"rendered":"https:\/\/preprod.bablut.fr\/?page_id=303"},"modified":"2021-10-10T12:03:05","modified_gmt":"2021-10-10T10:03:05","slug":"nos-terroirs","status":"publish","type":"page","link":"https:\/\/bablut.fr\/en\/nos-terroirs\/","title":{"rendered":"Our vineyards"},"content":{"rendered":"<div data-elementor-type=\"wp-page\" data-elementor-id=\"303\" class=\"elementor elementor-303\" data-elementor-post-type=\"page\">\n\t\t\t\t\t\t<section data-particle_enable=\"false\" data-particle-mobile-disabled=\"false\" class=\"elementor-section elementor-top-section elementor-element elementor-element-822d782 elementor-section-boxed elementor-section-height-default elementor-section-height-default\" data-id=\"822d782\" data-element_type=\"section\">\n\t\t\t\t\t\t<div class=\"elementor-container elementor-column-gap-default\">\n\t\t\t\t\t<div class=\"elementor-column elementor-col-100 elementor-top-column elementor-element elementor-element-9b51ee0\" data-id=\"9b51ee0\" data-element_type=\"column\">\n\t\t\t<div class=\"elementor-widget-wrap elementor-element-populated\">\n\t\t\t\t\t\t\t<\/div>\n\t\t<\/div>\n\t\t\t\t\t<\/div>\n\t\t<\/section>\n\t\t\t\t<section data-particle_enable=\"false\" data-particle-mobile-disabled=\"false\" class=\"elementor-section elementor-top-section elementor-element elementor-element-4d151101 elementor-section-boxed elementor-section-height-default elementor-section-height-default\" data-id=\"4d151101\" data-element_type=\"section\">\n\t\t\t\t\t\t\t<div class=\"elementor-background-overlay\"><\/div>\n\t\t\t\t\t\t\t<div class=\"elementor-container elementor-column-gap-default\">\n\t\t\t\t\t<div class=\"elementor-column elementor-col-50 elementor-top-column elementor-element elementor-element-23cd5a62\" data-id=\"23cd5a62\" data-element_type=\"column\">\n\t\t\t<div class=\"elementor-widget-wrap elementor-element-populated\">\n\t\t\t\t\t\t<div class=\"elementor-element elementor-element-4400be99 envato-kit-98-line-before elementor-widget elementor-widget-heading\" data-id=\"4400be99\" data-element_type=\"widget\" data-widget_type=\"heading.default\">\n\t\t\t\t<div class=\"elementor-widget-container\">\n\t\t\t\t\t<h2 class=\"elementor-heading-title elementor-size-default\">History<\/h2>\t\t\t\t<\/div>\n\t\t\t\t<\/div>\n\t\t\t\t<div class=\"elementor-element elementor-element-7f4ea1cc elementor-widget elementor-widget-text-editor\" data-id=\"7f4ea1cc\" data-element_type=\"widget\" data-widget_type=\"text-editor.default\">\n\t\t\t\t<div class=\"elementor-widget-container\">\n\t\t\t\t\t\t\t\t\t<p><em>A wine\u2019s story begins with the harmony between the grape variety and its terroir. You have to know your site or at least try to understand it on the one hand, while on the other hand know the reactions and expectations of the vine in order to find the balance to achieve this alchemy. It is this harmony that will enable you to make an authentic wine.  We are not interested in fads and clich\u00e9s rather we are seeking an almost spiritual dimension. It seems to me this is where the essence of a good wine is found.<\/em><\/p>\t\t\t\t\t\t\t\t<\/div>\n\t\t\t\t<\/div>\n\t\t\t\t<div class=\"elementor-element elementor-element-3d37c3d elementor-widget elementor-widget-image\" data-id=\"3d37c3d\" data-element_type=\"widget\" data-widget_type=\"image.default\">\n\t\t\t\t<div class=\"elementor-widget-container\">\n\t\t\t\t\t\t\t\t\t\t\t\t\t\t\t\t<a href=\"https:\/\/bablut.fr\/wp-content\/uploads\/2020\/10\/P1050536.jpg\" data-elementor-open-lightbox=\"yes\" data-elementor-lightbox-title=\"P1050536\" data-e-action-hash=\"#elementor-action%3Aaction%3Dlightbox%26settings%3DeyJpZCI6NjYzLCJ1cmwiOiJodHRwczpcL1wvYmFibHV0LmZyXC93cC1jb250ZW50XC91cGxvYWRzXC8yMDIwXC8xMFwvUDEwNTA1MzYuanBnIn0%3D\">\n\t\t\t\t\t\t\t<img decoding=\"async\" src=\"https:\/\/bablut.fr\/wp-content\/uploads\/elementor\/thumbs\/P1050536-qpw4y1e5g3xnuynbp841pjy43p6llzwj6ma01ikzzc.jpg\" title=\"P1050536\" alt=\"P1050536\" loading=\"lazy\" \/>\t\t\t\t\t\t\t\t<\/a>\n\t\t\t\t\t\t\t\t\t\t\t\t\t\t\t<\/div>\n\t\t\t\t<\/div>\n\t\t\t\t<div class=\"elementor-element elementor-element-d6bdc08 envato-kit-98-line-before elementor-widget elementor-widget-heading\" data-id=\"d6bdc08\" data-element_type=\"widget\" data-widget_type=\"heading.default\">\n\t\t\t\t<div class=\"elementor-widget-container\">\n\t\t\t\t\t<h2 class=\"elementor-heading-title elementor-size-default\">Fermentation<\/h2>\t\t\t\t<\/div>\n\t\t\t\t<\/div>\n\t\t\t\t<div class=\"elementor-element elementor-element-6f183b08 elementor-widget elementor-widget-text-editor\" data-id=\"6f183b08\" data-element_type=\"widget\" data-widget_type=\"text-editor.default\">\n\t\t\t\t<div class=\"elementor-widget-container\">\n\t\t\t\t\t\t\t\t\t<p><em>The transformation of the harvest into wine must be focused on the basic characteristics of the grapes. Winemaking comes down to assisting the metamorphosis of quality grapes into a fine wine. The watchword is not to fight against nature, nor to make technological wines (transformation of sweet juice into a hydro-alcoholic drink) but to make wine that reflects its terroir.<\/em><\/p>\t\t\t\t\t\t\t\t<\/div>\n\t\t\t\t<\/div>\n\t\t\t\t\t<\/div>\n\t\t<\/div>\n\t\t\t\t<div class=\"elementor-column elementor-col-50 elementor-top-column elementor-element elementor-element-3abf429a\" data-id=\"3abf429a\" data-element_type=\"column\">\n\t\t\t<div class=\"elementor-widget-wrap elementor-element-populated\">\n\t\t\t\t\t\t<div class=\"elementor-element elementor-element-252ab2bf elementor-widget elementor-widget-image\" data-id=\"252ab2bf\" data-element_type=\"widget\" data-widget_type=\"image.default\">\n\t\t\t\t<div class=\"elementor-widget-container\">\n\t\t\t\t\t\t\t\t\t\t\t\t\t\t\t\t<a href=\"https:\/\/bablut.fr\/wp-content\/uploads\/2020\/10\/Chenin-blanc.jpg\" data-elementor-open-lightbox=\"yes\" data-elementor-lightbox-title=\"Chenin blanc\" data-e-action-hash=\"#elementor-action%3Aaction%3Dlightbox%26settings%3DeyJpZCI6NjYxLCJ1cmwiOiJodHRwczpcL1wvYmFibHV0LmZyXC93cC1jb250ZW50XC91cGxvYWRzXC8yMDIwXC8xMFwvQ2hlbmluLWJsYW5jLmpwZyJ9\">\n\t\t\t\t\t\t\t<img decoding=\"async\" src=\"https:\/\/bablut.fr\/wp-content\/uploads\/elementor\/thumbs\/Chenin-blanc-qpw4y2bzmxydpz9o7nu7qxvkb8lrjt12x9fnhu0mrk.jpg\" title=\"Chenin blanc\" alt=\"Chenin blanc\" loading=\"lazy\" \/>\t\t\t\t\t\t\t\t<\/a>\n\t\t\t\t\t\t\t\t\t\t\t\t\t\t\t<\/div>\n\t\t\t\t<\/div>\n\t\t\t\t<div class=\"elementor-element elementor-element-7b046b5 elementor-widget elementor-widget-text-editor\" data-id=\"7b046b5\" data-element_type=\"widget\" data-widget_type=\"text-editor.default\">\n\t\t\t\t<div class=\"elementor-widget-container\">\n\t\t\t\t\t\t\t\t\t<p><em>Les c\u00e9pages doivent d\u00e9j\u00e0 \u00eatre dans un climat qui leur correspond. En effet, en fonction de leur origine, le cycle v\u00e9g\u00e9tatif et la morphologie de la plante sont cal\u00e9s par rapport aux caract\u00e9ristiques du r\u00e9gime climatique (semi-oc\u00e9anique pour nous). De plus dans chaque famille, ils ont des r\u00e9actions bien diff\u00e9rentes face \u00e0 l&rsquo;alimentation hydrique, ainsi le chenin blanc ou le cabernet sauvignon appr\u00e9cieront des sols tr\u00e8s superficiels rocailleux alors que le cabernet franc aime avoir la \u00ab t\u00eate au soleil \u00bb mais \u00ab les pieds au frais \u00bb c&rsquo;est pourquoi les sols calcaires du Cr\u00e9tac\u00e9 lui r\u00e9ussissent si bien.<\/em><\/p>\t\t\t\t\t\t\t\t<\/div>\n\t\t\t\t<\/div>\n\t\t\t\t<div class=\"elementor-element elementor-element-9c984c1 elementor-widget elementor-widget-image\" data-id=\"9c984c1\" data-element_type=\"widget\" data-widget_type=\"image.default\">\n\t\t\t\t<div class=\"elementor-widget-container\">\n\t\t\t\t\t\t\t\t\t\t\t\t\t\t\t\t<a href=\"https:\/\/bablut.fr\/wp-content\/uploads\/2020\/10\/DSC0066-copie-scaled.jpg\" data-elementor-open-lightbox=\"yes\" data-elementor-lightbox-title=\"_DSC0066 copie\" data-e-action-hash=\"#elementor-action%3Aaction%3Dlightbox%26settings%3DeyJpZCI6NjY2LCJ1cmwiOiJodHRwczpcL1wvYmFibHV0LmZyXC93cC1jb250ZW50XC91cGxvYWRzXC8yMDIwXC8xMFwvRFNDMDA2Ni1jb3BpZS1zY2FsZWQuanBnIn0%3D\">\n\t\t\t\t\t\t\t<img decoding=\"async\" src=\"https:\/\/bablut.fr\/wp-content\/uploads\/elementor\/thumbs\/DSC0066-copie-scaled-qpw4y2bzmxydpz9o7nu7qxvkb8lrjt12x9fnhu0mrk.jpg\" title=\"_DSC0066 copie\" alt=\"_DSC0066 copie\" loading=\"lazy\" \/>\t\t\t\t\t\t\t\t<\/a>\n\t\t\t\t\t\t\t\t\t\t\t\t\t\t\t<\/div>\n\t\t\t\t<\/div>\n\t\t\t\t\t<\/div>\n\t\t<\/div>\n\t\t\t\t\t<\/div>\n\t\t<\/section>\n\t\t\t\t<section data-particle_enable=\"false\" data-particle-mobile-disabled=\"false\" class=\"elementor-section elementor-top-section elementor-element elementor-element-dc9cd67 elementor-section-boxed elementor-section-height-default elementor-section-height-default\" data-id=\"dc9cd67\" data-element_type=\"section\" data-settings=\"{&quot;background_background&quot;:&quot;classic&quot;}\">\n\t\t\t\t\t\t\t<div class=\"elementor-background-overlay\"><\/div>\n\t\t\t\t\t\t\t<div class=\"elementor-container elementor-column-gap-default\">\n\t\t\t\t\t<div class=\"elementor-column elementor-col-100 elementor-top-column elementor-element elementor-element-db50ece\" data-id=\"db50ece\" data-element_type=\"column\">\n\t\t\t<div class=\"elementor-widget-wrap elementor-element-populated\">\n\t\t\t\t\t\t<div class=\"elementor-element elementor-element-8617c70 elementor-widget elementor-widget-eael-post-list\" data-id=\"8617c70\" data-element_type=\"widget\" data-widget_type=\"eael-post-list.default\">\n\t\t\t\t<div class=\"elementor-widget-container\">\n\t\t\t\t\t<div class=\"eael-post-list-container preset-2 layout-preset-2\"><div class=\"eael-post-list-wrap\"><div class=\"eael-post-list-posts-wrap eael-post-appender eael-post-appender-8617c70\"><div class=\"eael-post-list-post\"><div class=\"eael-post-list-thumbnail\"><a href=\"https:\/\/bablut.fr\/en\/petit-prince\/\">\n                <img decoding=\"async\" src=\"https:\/\/bablut.fr\/wp-content\/uploads\/2020\/07\/prince-224x300.jpg\" alt=\"\">\n            <\/a><\/div><div class=\"eael-post-list-content\"><h3 class=\"eael-post-list-title\"><a href=\"https:\/\/bablut.fr\/en\/petit-prince\/\" >Princ\u00e9<\/a><\/h3><p>C&rsquo;est l&rsquo;un des trois terroirs des chenins que nous avons en AOP...<\/p><a href=\"https:\/\/bablut.fr\/en\/petit-prince\/\" class=\"eael-post-elements-readmore-btn\" >More &gt;&gt;<\/a><\/div><\/div><div class=\"eael-post-list-post\"><div class=\"eael-post-list-thumbnail\"><a href=\"https:\/\/bablut.fr\/en\/grand-clos-de-martigneau\/\">\n                <img decoding=\"async\" src=\"https:\/\/bablut.fr\/wp-content\/uploads\/2020\/07\/prince-224x300.jpg\" alt=\"\">\n            <\/a><\/div><div class=\"eael-post-list-content\"><h3 class=\"eael-post-list-title\"><a href=\"https:\/\/bablut.fr\/en\/grand-clos-de-martigneau\/\" >Grand clos de Martigneau<\/a><\/h3><p>Le Grand Clos est compos\u00e9 de diff\u00e9rents types de sol, sur le...<\/p><a href=\"https:\/\/bablut.fr\/en\/grand-clos-de-martigneau\/\" class=\"eael-post-elements-readmore-btn\" >More &gt;&gt;<\/a><\/div><\/div><div class=\"eael-post-list-post\"><div class=\"eael-post-list-thumbnail\"><a href=\"https:\/\/bablut.fr\/en\/beaumont-chateau-rousset\/\">\n                <img decoding=\"async\" src=\"https:\/\/bablut.fr\/wp-content\/uploads\/2020\/07\/beaumont-224x300.jpg\" alt=\"\">\n            <\/a><\/div><div class=\"eael-post-list-content\"><h3 class=\"eael-post-list-title\"><a href=\"https:\/\/bablut.fr\/en\/beaumont-chateau-rousset\/\" >Beaumont &#8211; Ch\u00e2teau Rousset<\/a><\/h3><p>La butte de Beaumont est l\u2019un des lieux-dits r\u00e9put\u00e9s de l\u2019appellation \u00ab...<\/p><a href=\"https:\/\/bablut.fr\/en\/beaumont-chateau-rousset\/\" class=\"eael-post-elements-readmore-btn\" >More &gt;&gt;<\/a><\/div><\/div><div class=\"eael-post-list-post\"><div class=\"eael-post-list-thumbnail\"><a href=\"https:\/\/bablut.fr\/en\/grandpierre-haut-clabeau\/\">\n                <img decoding=\"async\" src=\"https:\/\/bablut.fr\/wp-content\/uploads\/2020\/07\/grandpierre-225x300.jpg\" alt=\"\">\n            <\/a><\/div><div class=\"eael-post-list-content\"><h3 class=\"eael-post-list-title\"><a href=\"https:\/\/bablut.fr\/en\/grandpierre-haut-clabeau\/\" >Grandpierre &#8211; Haut Clabeau<\/a><\/h3><p>La particularit\u00e9 de ce coteau mis \u00e0 part le sol pierreux de...<\/p><a href=\"https:\/\/bablut.fr\/en\/grandpierre-haut-clabeau\/\" class=\"eael-post-elements-readmore-btn\" >More &gt;&gt;<\/a><\/div><\/div><div class=\"eael-post-list-post\"><div class=\"eael-post-list-thumbnail\"><a href=\"https:\/\/bablut.fr\/en\/clos-des-grouas-et-des-complans\/\">\n                <img decoding=\"async\" src=\"https:\/\/bablut.fr\/wp-content\/uploads\/2020\/07\/grouas-220x300.jpg\" alt=\"\">\n            <\/a><\/div><div class=\"eael-post-list-content\"><h3 class=\"eael-post-list-title\"><a href=\"https:\/\/bablut.fr\/en\/clos-des-grouas-et-des-complans\/\" >Clos des Grouas et des Complans<\/a><\/h3><p>C\u2019est la partie du domaine qui est sur les sols du bassin...<\/p><a href=\"https:\/\/bablut.fr\/en\/clos-des-grouas-et-des-complans\/\" class=\"eael-post-elements-readmore-btn\" >More &gt;&gt;<\/a><\/div><\/div><div class=\"eael-post-list-post\"><div class=\"eael-post-list-thumbnail\"><a href=\"https:\/\/bablut.fr\/en\/bablut-les-collinets\/\">\n                <img decoding=\"async\" src=\"https:\/\/bablut.fr\/wp-content\/uploads\/2020\/07\/bablut-226x300.jpg\" alt=\"\">\n            <\/a><\/div><div class=\"eael-post-list-content\"><h3 class=\"eael-post-list-title\"><a href=\"https:\/\/bablut.fr\/en\/bablut-les-collinets\/\" >Bablut &#8211; Les Collinets<\/a><\/h3><p>Bablut est situ\u00e9 sur la c\u00f4te des moulins. Il faut imaginer :...<\/p><a href=\"https:\/\/bablut.fr\/en\/bablut-les-collinets\/\" class=\"eael-post-elements-readmore-btn\" >More &gt;&gt;<\/a><\/div><\/div><\/div><\/div>\n\t\t<\/div>\t\t\t\t<\/div>\n\t\t\t\t<\/div>\n\t\t\t\t<div class=\"elementor-element elementor-element-023d72b elementor-widget elementor-widget-image\" data-id=\"023d72b\" data-element_type=\"widget\" data-widget_type=\"image.default\">\n\t\t\t\t<div class=\"elementor-widget-container\">\n\t\t\t\t\t\t\t\t\t\t\t\t\t\t\t<img fetchpriority=\"high\" decoding=\"async\" width=\"1024\" height=\"526\" src=\"https:\/\/bablut.fr\/wp-content\/uploads\/2020\/06\/Carte-Cassini-en-bas-1024x526.png\" class=\"attachment-large size-large wp-image-955\" alt=\"\" srcset=\"https:\/\/bablut.fr\/wp-content\/uploads\/2020\/06\/Carte-Cassini-en-bas-1024x526.png 1024w, https:\/\/bablut.fr\/wp-content\/uploads\/2020\/06\/Carte-Cassini-en-bas-300x154.png 300w, https:\/\/bablut.fr\/wp-content\/uploads\/2020\/06\/Carte-Cassini-en-bas-768x395.png 768w, https:\/\/bablut.fr\/wp-content\/uploads\/2020\/06\/Carte-Cassini-en-bas-1536x789.png 1536w, https:\/\/bablut.fr\/wp-content\/uploads\/2020\/06\/Carte-Cassini-en-bas.png 1804w\" sizes=\"(max-width: 1024px) 100vw, 1024px\" \/>\t\t\t\t\t\t\t\t\t\t\t\t\t\t\t<\/div>\n\t\t\t\t<\/div>\n\t\t\t\t\t<\/div>\n\t\t<\/div>\n\t\t\t\t\t<\/div>\n\t\t<\/section>\n\t\t\t\t<\/div>","protected":false},"excerpt":{"rendered":"<p>Histoire L&rsquo;histoire d&rsquo;un vin commence par la concordance du c\u00e9page avec le terroir. Il faut connaitre le terroir ou du moins essayer de le comprendre d&rsquo;une part et connaitre les r\u00e9actions et les attentes de la plante d&rsquo;autre part, afin de trouver cette ad\u00e9quation qui permettra que l&rsquo;alchimie s&rsquo;op\u00e8re. C&rsquo;est cette mise en relation harmonieuse [&hellip;]<\/p>","protected":false},"author":1,"featured_media":0,"parent":0,"menu_order":0,"comment_status":"closed","ping_status":"closed","template":"","meta":{"_acf_changed":false,"ocean_post_layout":"","ocean_both_sidebars_style":"","ocean_both_sidebars_content_width":0,"ocean_both_sidebars_sidebars_width":0,"ocean_sidebar":"0","ocean_second_sidebar":"0","ocean_disable_margins":"enable","ocean_add_body_class":"","ocean_shortcode_before_top_bar":"","ocean_shortcode_after_top_bar":"","ocean_shortcode_before_header":"","ocean_shortcode_after_header":"","ocean_has_shortcode":"","ocean_shortcode_after_title":"","ocean_shortcode_before_footer_widgets":"","ocean_shortcode_after_footer_widgets":"","ocean_shortcode_before_footer_bottom":"","ocean_shortcode_after_footer_bottom":"","ocean_display_top_bar":"off","ocean_display_header":"default","ocean_header_style":"","ocean_center_header_left_menu":"0","ocean_custom_header_template":"0","ocean_custom_logo":0,"ocean_custom_retina_logo":0,"ocean_custom_logo_max_width":0,"ocean_custom_logo_tablet_max_width":0,"ocean_custom_logo_mobile_max_width":0,"ocean_custom_logo_max_height":0,"ocean_custom_logo_tablet_max_height":0,"ocean_custom_logo_mobile_max_height":0,"ocean_header_custom_menu":"0","ocean_menu_typo_font_family":"0","ocean_menu_typo_font_subset":"","ocean_menu_typo_font_size":0,"ocean_menu_typo_font_size_tablet":0,"ocean_menu_typo_font_size_mobile":0,"ocean_menu_typo_font_size_unit":"px","ocean_menu_typo_font_weight":"","ocean_menu_typo_font_weight_tablet":"","ocean_menu_typo_font_weight_mobile":"","ocean_menu_typo_transform":"","ocean_menu_typo_transform_tablet":"","ocean_menu_typo_transform_mobile":"","ocean_menu_typo_line_height":0,"ocean_menu_typo_line_height_tablet":0,"ocean_menu_typo_line_height_mobile":0,"ocean_menu_typo_line_height_unit":"","ocean_menu_typo_spacing":0,"ocean_menu_typo_spacing_tablet":0,"ocean_menu_typo_spacing_mobile":0,"ocean_menu_typo_spacing_unit":"","ocean_menu_link_color":"","ocean_menu_link_color_hover":"","ocean_menu_link_color_active":"","ocean_menu_link_background":"","ocean_menu_link_hover_background":"","ocean_menu_link_active_background":"","ocean_menu_social_links_bg":"","ocean_menu_social_hover_links_bg":"","ocean_menu_social_links_color":"","ocean_menu_social_hover_links_color":"","ocean_disable_title":"on","ocean_disable_heading":"default","ocean_post_title":"","ocean_post_subheading":"","ocean_post_title_style":"","ocean_post_title_background_color":"","ocean_post_title_background":0,"ocean_post_title_bg_image_position":"","ocean_post_title_bg_image_attachment":"","ocean_post_title_bg_image_repeat":"","ocean_post_title_bg_image_size":"","ocean_post_title_height":0,"ocean_post_title_bg_overlay":0.5,"ocean_post_title_bg_overlay_color":"","ocean_disable_breadcrumbs":"default","ocean_breadcrumbs_color":"","ocean_breadcrumbs_separator_color":"","ocean_breadcrumbs_links_color":"","ocean_breadcrumbs_links_hover_color":"","ocean_display_footer_widgets":"default","ocean_display_footer_bottom":"default","ocean_custom_footer_template":"0","footnotes":""},"class_list":["post-303","page","type-page","status-publish","hentry","entry","has-media","owp-thumbs-layout-horizontal","owp-btn-normal","owp-tabs-layout-horizontal","has-no-thumbnails","has-product-nav"],"acf":[],"yoast_head":"<!-- This site is optimized with the Yoast SEO plugin v25.3 - https:\/\/yoast.com\/wordpress\/plugins\/seo\/ -->\n<title>Nos terroirs - Domaine de Bablut<\/title>\n<meta name=\"robots\" content=\"index, follow, max-snippet:-1, max-image-preview:large, max-video-preview:-1\" \/>\n<link rel=\"canonical\" href=\"https:\/\/bablut.fr\/en\/nos-terroirs\/\" \/>\n<meta property=\"og:locale\" content=\"en_US\" \/>\n<meta property=\"og:type\" content=\"article\" \/>\n<meta property=\"og:title\" content=\"Nos terroirs - Domaine de Bablut\" \/>\n<meta property=\"og:description\" content=\"Histoire L&rsquo;histoire d&rsquo;un vin commence par la concordance du c\u00e9page avec le terroir. Il faut connaitre le terroir ou du moins essayer de le comprendre d&rsquo;une part et connaitre les r\u00e9actions et les attentes de la plante d&rsquo;autre part, afin de trouver cette ad\u00e9quation qui permettra que l&rsquo;alchimie s&rsquo;op\u00e8re. C&rsquo;est cette mise en relation harmonieuse [&hellip;]\" \/>\n<meta property=\"og:url\" content=\"https:\/\/bablut.fr\/en\/nos-terroirs\/\" \/>\n<meta property=\"og:site_name\" content=\"Domaine de Bablut\" \/>\n<meta property=\"article:modified_time\" content=\"2021-10-10T10:03:05+00:00\" \/>\n<meta property=\"og:image\" content=\"https:\/\/bablut.fr\/wp-content\/uploads\/elementor\/thumbs\/P1050536-pe316z9ox1owc0ig8ravmue8tdfru1tcjwujd8vew8.jpg\" \/>\n<meta name=\"twitter:card\" content=\"summary_large_image\" \/>\n<meta name=\"twitter:label1\" content=\"Est. reading time\" \/>\n\t<meta name=\"twitter:data1\" content=\"4 minutes\" \/>\n<script type=\"application\/ld+json\" class=\"yoast-schema-graph\">{\"@context\":\"https:\/\/schema.org\",\"@graph\":[{\"@type\":\"WebPage\",\"@id\":\"https:\/\/bablut.fr\/nos-terroirs\/\",\"url\":\"https:\/\/bablut.fr\/nos-terroirs\/\",\"name\":\"Nos terroirs - Domaine de Bablut\",\"isPartOf\":{\"@id\":\"https:\/\/bablut.fr\/#website\"},\"primaryImageOfPage\":{\"@id\":\"https:\/\/bablut.fr\/nos-terroirs\/#primaryimage\"},\"image\":{\"@id\":\"https:\/\/bablut.fr\/nos-terroirs\/#primaryimage\"},\"thumbnailUrl\":\"https:\/\/bablut.fr\/wp-content\/uploads\/elementor\/thumbs\/P1050536-pe316z9ox1owc0ig8ravmue8tdfru1tcjwujd8vew8.jpg\",\"datePublished\":\"2020-07-06T18:37:26+00:00\",\"dateModified\":\"2021-10-10T10:03:05+00:00\",\"breadcrumb\":{\"@id\":\"https:\/\/bablut.fr\/nos-terroirs\/#breadcrumb\"},\"inLanguage\":\"en-US\",\"potentialAction\":[{\"@type\":\"ReadAction\",\"target\":[\"https:\/\/bablut.fr\/nos-terroirs\/\"]}]},{\"@type\":\"ImageObject\",\"inLanguage\":\"en-US\",\"@id\":\"https:\/\/bablut.fr\/nos-terroirs\/#primaryimage\",\"url\":\"https:\/\/bablut.fr\/wp-content\/uploads\/elementor\/thumbs\/P1050536-pe316z9ox1owc0ig8ravmue8tdfru1tcjwujd8vew8.jpg\",\"contentUrl\":\"https:\/\/bablut.fr\/wp-content\/uploads\/elementor\/thumbs\/P1050536-pe316z9ox1owc0ig8ravmue8tdfru1tcjwujd8vew8.jpg\"},{\"@type\":\"BreadcrumbList\",\"@id\":\"https:\/\/bablut.fr\/nos-terroirs\/#breadcrumb\",\"itemListElement\":[{\"@type\":\"ListItem\",\"position\":1,\"name\":\"Home\",\"item\":\"https:\/\/bablut.fr\/\"},{\"@type\":\"ListItem\",\"position\":2,\"name\":\"Nos terroirs\"}]},{\"@type\":\"WebSite\",\"@id\":\"https:\/\/bablut.fr\/#website\",\"url\":\"https:\/\/bablut.fr\/\",\"name\":\"Domaine de Bablut\",\"description\":\"Une famille de tradition viticole depuis 1546\",\"publisher\":{\"@id\":\"https:\/\/bablut.fr\/#organization\"},\"potentialAction\":[{\"@type\":\"SearchAction\",\"target\":{\"@type\":\"EntryPoint\",\"urlTemplate\":\"https:\/\/bablut.fr\/?s={search_term_string}\"},\"query-input\":{\"@type\":\"PropertyValueSpecification\",\"valueRequired\":true,\"valueName\":\"search_term_string\"}}],\"inLanguage\":\"en-US\"},{\"@type\":\"Organization\",\"@id\":\"https:\/\/bablut.fr\/#organization\",\"name\":\"Domaine de Bablut\",\"url\":\"https:\/\/bablut.fr\/\",\"logo\":{\"@type\":\"ImageObject\",\"inLanguage\":\"en-US\",\"@id\":\"https:\/\/bablut.fr\/#\/schema\/logo\/image\/\",\"url\":\"https:\/\/bablut.fr\/wp-content\/uploads\/2021\/08\/Logo.png\",\"contentUrl\":\"https:\/\/bablut.fr\/wp-content\/uploads\/2021\/08\/Logo.png\",\"width\":2560,\"height\":404,\"caption\":\"Domaine de Bablut\"},\"image\":{\"@id\":\"https:\/\/bablut.fr\/#\/schema\/logo\/image\/\"}}]}<\/script>\n<!-- \/ Yoast SEO plugin. -->","yoast_head_json":{"title":"Nos terroirs - Domaine de Bablut","robots":{"index":"index","follow":"follow","max-snippet":"max-snippet:-1","max-image-preview":"max-image-preview:large","max-video-preview":"max-video-preview:-1"},"canonical":"https:\/\/bablut.fr\/en\/nos-terroirs\/","og_locale":"en_US","og_type":"article","og_title":"Nos terroirs - Domaine de Bablut","og_description":"Histoire L&rsquo;histoire d&rsquo;un vin commence par la concordance du c\u00e9page avec le terroir. Il faut connaitre le terroir ou du moins essayer de le comprendre d&rsquo;une part et connaitre les r\u00e9actions et les attentes de la plante d&rsquo;autre part, afin de trouver cette ad\u00e9quation qui permettra que l&rsquo;alchimie s&rsquo;op\u00e8re. C&rsquo;est cette mise en relation harmonieuse [&hellip;]","og_url":"https:\/\/bablut.fr\/en\/nos-terroirs\/","og_site_name":"Domaine de Bablut","article_modified_time":"2021-10-10T10:03:05+00:00","og_image":[{"url":"https:\/\/bablut.fr\/wp-content\/uploads\/elementor\/thumbs\/P1050536-pe316z9ox1owc0ig8ravmue8tdfru1tcjwujd8vew8.jpg","type":"","width":"","height":""}],"twitter_card":"summary_large_image","twitter_misc":{"Est. reading time":"4 minutes"},"schema":{"@context":"https:\/\/schema.org","@graph":[{"@type":"WebPage","@id":"https:\/\/bablut.fr\/nos-terroirs\/","url":"https:\/\/bablut.fr\/nos-terroirs\/","name":"Nos terroirs - Domaine de Bablut","isPartOf":{"@id":"https:\/\/bablut.fr\/#website"},"primaryImageOfPage":{"@id":"https:\/\/bablut.fr\/nos-terroirs\/#primaryimage"},"image":{"@id":"https:\/\/bablut.fr\/nos-terroirs\/#primaryimage"},"thumbnailUrl":"https:\/\/bablut.fr\/wp-content\/uploads\/elementor\/thumbs\/P1050536-pe316z9ox1owc0ig8ravmue8tdfru1tcjwujd8vew8.jpg","datePublished":"2020-07-06T18:37:26+00:00","dateModified":"2021-10-10T10:03:05+00:00","breadcrumb":{"@id":"https:\/\/bablut.fr\/nos-terroirs\/#breadcrumb"},"inLanguage":"en-US","potentialAction":[{"@type":"ReadAction","target":["https:\/\/bablut.fr\/nos-terroirs\/"]}]},{"@type":"ImageObject","inLanguage":"en-US","@id":"https:\/\/bablut.fr\/nos-terroirs\/#primaryimage","url":"https:\/\/bablut.fr\/wp-content\/uploads\/elementor\/thumbs\/P1050536-pe316z9ox1owc0ig8ravmue8tdfru1tcjwujd8vew8.jpg","contentUrl":"https:\/\/bablut.fr\/wp-content\/uploads\/elementor\/thumbs\/P1050536-pe316z9ox1owc0ig8ravmue8tdfru1tcjwujd8vew8.jpg"},{"@type":"BreadcrumbList","@id":"https:\/\/bablut.fr\/nos-terroirs\/#breadcrumb","itemListElement":[{"@type":"ListItem","position":1,"name":"Home","item":"https:\/\/bablut.fr\/"},{"@type":"ListItem","position":2,"name":"Nos terroirs"}]},{"@type":"WebSite","@id":"https:\/\/bablut.fr\/#website","url":"https:\/\/bablut.fr\/","name":"Domaine de Bablut","description":"Une famille de tradition viticole depuis 1546","publisher":{"@id":"https:\/\/bablut.fr\/#organization"},"potentialAction":[{"@type":"SearchAction","target":{"@type":"EntryPoint","urlTemplate":"https:\/\/bablut.fr\/?s={search_term_string}"},"query-input":{"@type":"PropertyValueSpecification","valueRequired":true,"valueName":"search_term_string"}}],"inLanguage":"en-US"},{"@type":"Organization","@id":"https:\/\/bablut.fr\/#organization","name":"Domaine de Bablut","url":"https:\/\/bablut.fr\/","logo":{"@type":"ImageObject","inLanguage":"en-US","@id":"https:\/\/bablut.fr\/#\/schema\/logo\/image\/","url":"https:\/\/bablut.fr\/wp-content\/uploads\/2021\/08\/Logo.png","contentUrl":"https:\/\/bablut.fr\/wp-content\/uploads\/2021\/08\/Logo.png","width":2560,"height":404,"caption":"Domaine de Bablut"},"image":{"@id":"https:\/\/bablut.fr\/#\/schema\/logo\/image\/"}}]}},"_links":{"self":[{"href":"https:\/\/bablut.fr\/en\/wp-json\/wp\/v2\/pages\/303","targetHints":{"allow":["GET"]}}],"collection":[{"href":"https:\/\/bablut.fr\/en\/wp-json\/wp\/v2\/pages"}],"about":[{"href":"https:\/\/bablut.fr\/en\/wp-json\/wp\/v2\/types\/page"}],"author":[{"embeddable":true,"href":"https:\/\/bablut.fr\/en\/wp-json\/wp\/v2\/users\/1"}],"replies":[{"embeddable":true,"href":"https:\/\/bablut.fr\/en\/wp-json\/wp\/v2\/comments?post=303"}],"version-history":[{"count":58,"href":"https:\/\/bablut.fr\/en\/wp-json\/wp\/v2\/pages\/303\/revisions"}],"predecessor-version":[{"id":1304,"href":"https:\/\/bablut.fr\/en\/wp-json\/wp\/v2\/pages\/303\/revisions\/1304"}],"wp:attachment":[{"href":"https:\/\/bablut.fr\/en\/wp-json\/wp\/v2\/media?parent=303"}],"curies":[{"name":"wp","href":"https:\/\/api.w.org\/{rel}","templated":true}]}}